{"id":2351,"date":"2025-05-22T09:28:59","date_gmt":"2025-05-22T09:28:59","guid":{"rendered":"https:\/\/eventos.catedrainditex.com\/?page_id=2351"},"modified":"2026-05-12T13:45:05","modified_gmt":"2026-05-12T13:45:05","slug":"rexistro-conferencia-clausura-conferencias-en-codigo-abierto-25-26-27-05-2026","status":"publish","type":"page","link":"https:\/\/eventos.catedrainditex.com\/gl\/rexistro-conferencia-clausura-conferencias-en-codigo-abierto-25-26-27-05-2026\/","title":{"rendered":"Rexistro: Conferencia Clausura &#8211; Conferencias en c\u00f3digo abierto 25\/26 (27-05-2026)"},"content":{"rendered":"<p>[et_pb_section fb_built=&#8221;1&#8243; _builder_version=&#8221;4.16&#8243; _module_preset=&#8221;default&#8221; global_colors_info=&#8221;{}&#8221;][et_pb_row _builder_version=&#8221;4.16&#8243; _module_preset=&#8221;default&#8221; background_color=&#8221;#7fbdd1&#8243; custom_margin=&#8221;||||false|false&#8221; custom_padding=&#8221;0px|0px|0px|0px|false|false&#8221; global_colors_info=&#8221;{}&#8221;][et_pb_column type=&#8221;4_4&#8243; _builder_version=&#8221;4.16&#8243; _module_preset=&#8221;default&#8221; global_colors_info=&#8221;{}&#8221;][et_pb_text admin_label=&#8221;Titulo&#8221; _builder_version=&#8221;4.27.4&#8243; _module_preset=&#8221;default&#8221; text_text_color=&#8221;#000000&#8243; link_text_color=&#8221;rgba(152,22,23,0.76)&#8221; header_font=&#8221;Montserrat|800|||||||&#8221; header_text_color=&#8221;#FFFFFF&#8221; header_font_size=&#8221;36px&#8221; header_2_font=&#8221;|300|||||||&#8221; header_2_text_color=&#8221;#FFFFFF&#8221; header_2_font_size=&#8221;27px&#8221; header_3_font=&#8221;Montserrat|300|||||||&#8221; header_3_text_color=&#8221;#FFFFFF&#8221; header_3_font_size=&#8221;18px&#8221; background_color=&#8221;#000000&#8243; custom_padding=&#8221;1em|1em|1em|1em|false|false&#8221; hover_enabled=&#8221;0&#8243; global_colors_info=&#8221;{}&#8221; sticky_enabled=&#8221;0&#8243;]<\/p>\n<h1>REXISTRO:<br \/>Conferencia Clausura<br \/>Conferencias en c\u00f3digo abierto 25\/26 (27-05-2027)<\/h1>\n<h2>&#8220;Finanzas sostibles: o rol do investimento privado na biodiversidade&#8221;<\/h2>\n<h3><strong>John Tobin<\/strong><br \/>Professor of Practice of Corporate Sustainability at Cornell University<\/h3>\n<p>[\/et_pb_text][\/et_pb_column][\/et_pb_row][\/et_pb_section][et_pb_section fb_built=&#8221;1&#8243; _builder_version=&#8221;4.16&#8243; _module_preset=&#8221;default&#8221; min_height=&#8221;1103.3px&#8221; global_colors_info=&#8221;{}&#8221;][et_pb_row _builder_version=&#8221;4.16&#8243; _module_preset=&#8221;default&#8221; min_height=&#8221;940.3px&#8221; custom_padding=&#8221;1em|1em|5em|1em|false|false&#8221; global_colors_info=&#8221;{}&#8221;][et_pb_column type=&#8221;4_4&#8243; _builder_version=&#8221;4.16&#8243; _module_preset=&#8221;default&#8221; global_colors_info=&#8221;{}&#8221;][et_pb_text admin_label=&#8221;shortcode del form&#8221; _builder_version=&#8221;4.27.4&#8243; _module_preset=&#8221;default&#8221; global_colors_info=&#8221;{}&#8221;]<\/p>\n<div role=\"form\" class=\"wpcf7\" id=\"wpcf7-f2574-o1\" lang=\"gl-ES\" dir=\"ltr\">\n<div class=\"screen-reader-response\"><p role=\"status\" aria-live=\"polite\" aria-atomic=\"true\"><\/p> <ul><\/ul><\/div>\n<form action=\"\/gl\/wp-json\/wp\/v2\/pages\/2351#wpcf7-f2574-o1\" method=\"post\" class=\"wpcf7-form init\" novalidate=\"novalidate\" data-status=\"init\">\n<div style=\"display: none;\">\n<input type=\"hidden\" name=\"_wpcf7\" value=\"2574\" \/>\n<input type=\"hidden\" name=\"_wpcf7_version\" value=\"5.4\" \/>\n<input type=\"hidden\" name=\"_wpcf7_locale\" value=\"gl_ES\" \/>\n<input type=\"hidden\" name=\"_wpcf7_unit_tag\" value=\"wpcf7-f2574-o1\" \/>\n<input type=\"hidden\" name=\"_wpcf7_container_post\" value=\"0\" \/>\n<input type=\"hidden\" name=\"_wpcf7_posted_data_hash\" value=\"\" \/>\n<input type=\"hidden\" name=\"_wpcf7cf_hidden_group_fields\" value=\"[]\" \/>\n<input type=\"hidden\" name=\"_wpcf7cf_hidden_groups\" value=\"[]\" \/>\n<input type=\"hidden\" name=\"_wpcf7cf_visible_groups\" value=\"[]\" \/>\n<input type=\"hidden\" name=\"_wpcf7cf_repeaters\" value=\"[]\" \/>\n<input type=\"hidden\" name=\"_wpcf7cf_steps\" value=\"{}\" \/>\n<input type=\"hidden\" name=\"_wpcf7cf_options\" value=\"{&quot;form_id&quot;:2574,&quot;conditions&quot;:[{&quot;then_field&quot;:&quot;group-certificado&quot;,&quot;and_rules&quot;:[{&quot;if_field&quot;:&quot;radio-asistencia&quot;,&quot;operator&quot;:&quot;equals&quot;,&quot;if_value&quot;:&quot;Asistencia presencial&quot;}]},{&quot;then_field&quot;:&quot;group-comunidad&quot;,&quot;and_rules&quot;:[{&quot;if_field&quot;:&quot;radio-asistencia&quot;,&quot;operator&quot;:&quot;equals&quot;,&quot;if_value&quot;:&quot;Asistencia online (streaming)&quot;}]}],&quot;settings&quot;:{&quot;animation&quot;:&quot;yes&quot;,&quot;animation_intime&quot;:200,&quot;animation_outtime&quot;:200,&quot;conditions_ui&quot;:&quot;normal&quot;,&quot;notice_dismissed&quot;:false,&quot;notice_dismissed_update-cf7-5.7.3&quot;:true}}\" \/>\n<\/div>\n<p>REF. \"Conferencia Clausura - Conferencias en c\u00f3digo abierto 25\/26 (27-05-2027)\" [GL]<br \/>\n<br\/><br\/><\/p>\n<p><label><strong>Nome <\/strong><br \/>\n<span class=\"wpcf7-form-control-wrap your-name\"><input type=\"text\" name=\"your-name\" value=\"\" size=\"40\" class=\"wpcf7-form-control wpcf7-text wpcf7-validates-as-required\" aria-required=\"true\" aria-invalid=\"false\" \/><\/span> <\/label><\/p>\n<p><label> <strong>Apelidos<\/strong><br \/>\n    <span class=\"wpcf7-form-control-wrap your-apelidos\"><input type=\"text\" name=\"your-apelidos\" value=\"\" size=\"40\" class=\"wpcf7-form-control wpcf7-text wpcf7-validates-as-required\" aria-required=\"true\" aria-invalid=\"false\" \/><\/span> <\/label><\/p>\n<p><label> <strong>Correo electr\u00f3nico<\/strong><br \/>\n <span class=\"wpcf7-form-control-wrap your-email\"><input type=\"email\" name=\"your-email\" value=\"\" size=\"40\" class=\"wpcf7-form-control wpcf7-text wpcf7-email wpcf7-validates-as-required wpcf7-validates-as-email\" aria-required=\"true\" aria-invalid=\"false\" \/><\/span> <\/label><br \/>\n<br \/>\n<strong>Datos da empresa\/entidade<\/strong><br \/>\n<label> Empresa\/Entidade:<br \/>\n <span class=\"wpcf7-form-control-wrap your-entidade-nome\"><input type=\"text\" name=\"your-entidade-nome\" value=\"\" size=\"40\" class=\"wpcf7-form-control wpcf7-text\" aria-invalid=\"false\" \/><\/span><\/label><br \/>\n<label> Cargo:<br \/>\n<span class=\"wpcf7-form-control-wrap your-entidade-posto\"><input type=\"text\" name=\"your-entidade-posto\" value=\"\" size=\"40\" class=\"wpcf7-form-control wpcf7-text\" aria-invalid=\"false\" \/><\/span><\/label><br \/>\n<br \/>\n<strong>Seleccione a modalidade de asistencia ao evento:<\/strong> <span class=\"wpcf7-form-control-wrap radio-asistencia\"><span class=\"wpcf7-form-control wpcf7-radio\"><span class=\"wpcf7-list-item first\"><label><input type=\"radio\" name=\"radio-asistencia\" value=\"Asistencia presencial\" checked=\"checked\" \/><span class=\"wpcf7-list-item-label\">Asistencia presencial<\/span><\/label><\/span><span class=\"wpcf7-list-item last\"><label><input type=\"radio\" name=\"radio-asistencia\" value=\"Asistencia online (streaming)\" \/><span class=\"wpcf7-list-item-label\">Asistencia online (streaming)<\/span><\/label><\/span><\/span><\/span><\/p>\n<div data-id=\"group-certificado\" data-orig_data_id=\"group-certificado\"  data-class=\"wpcf7cf_group\">\n<label>Se quere certificado de asistencia <strong>(solo para presencial)<\/strong> debe indicalo \u00e1 s\u00faa chegada ao evento:<br \/>\n <span class=\"wpcf7-form-control-wrap checkbox-certificado\"><span class=\"wpcf7-form-control wpcf7-checkbox\"><span class=\"wpcf7-list-item first last\"><label><input type=\"checkbox\" name=\"checkbox-certificado[]\" value=\"Solicito certificado de asistencia\" \/><span class=\"wpcf7-list-item-label\">Solicito certificado de asistencia<\/span><\/label><\/span><\/span><\/span><br \/>\n\n<\/div>\n<div data-id=\"group-comunidad\" data-orig_data_id=\"group-comunidad\"  data-class=\"wpcf7cf_group\">\n<label>Indique a s\u00faa Comunidade aut\u00f3noma:<\/label><br \/>\n<span class=\"wpcf7-form-control-wrap comunidad-autonoma\"><select name=\"comunidad-autonoma\" class=\"wpcf7-form-control wpcf7-select\" aria-invalid=\"false\"><option value=\"Andaluc\u00eda\">Andaluc\u00eda<\/option><option value=\"Arag\u00f3n\">Arag\u00f3n<\/option><option value=\"Asturias\">Asturias<\/option><option value=\"Balears, Illes\">Balears, Illes<\/option><option value=\"Canarias\">Canarias<\/option><option value=\"Cantabria\">Cantabria<\/option><option value=\"Castilla y Le\u00f3n\">Castilla y Le\u00f3n<\/option><option value=\"Castilla - La Mancha\">Castilla - La Mancha<\/option><option value=\"Catalu\u00f1a\">Catalu\u00f1a<\/option><option value=\"Comunitat Valenciana\">Comunitat Valenciana<\/option><option value=\"Extremadura\">Extremadura<\/option><option value=\"Galicia\" selected=\"selected\">Galicia<\/option><option value=\"Madrid\">Madrid<\/option><option value=\"Murcia\">Murcia<\/option><option value=\"Navarra\">Navarra<\/option><option value=\"Pa\u00eds Vasco\">Pa\u00eds Vasco<\/option><option value=\"Rioja, La\">Rioja, La<\/option><option value=\"Ceuta\">Ceuta<\/option><option value=\"Melilla\">Melilla<\/option><\/select><\/span><br \/>\n<br\/>\n<\/div>\n<p><label><strong>Como tivo vostede co\u00f1ecemento da Conferencia?<\/strong><\/label> <span class=\"wpcf7-form-control-wrap radio-conocimiento\"><span class=\"wpcf7-form-control wpcf7-radio\"><span class=\"wpcf7-list-item first\"><label><input type=\"radio\" name=\"radio-conocimiento\" value=\"Redes Sociais\" checked=\"checked\" \/><span class=\"wpcf7-list-item-label\">Redes Sociais<\/span><\/label><\/span><span class=\"wpcf7-list-item\"><label><input type=\"radio\" name=\"radio-conocimiento\" value=\"Prensa Escrita\" \/><span class=\"wpcf7-list-item-label\">Prensa Escrita<\/span><\/label><\/span><span class=\"wpcf7-list-item\"><label><input type=\"radio\" name=\"radio-conocimiento\" value=\"Web Consello Social UDC\" \/><span class=\"wpcf7-list-item-label\">Web Consello Social UDC<\/span><\/label><\/span><span class=\"wpcf7-list-item\"><label><input type=\"radio\" name=\"radio-conocimiento\" value=\"Web C\u00e1tedra INDITEX-UDC\" \/><span class=\"wpcf7-list-item-label\">Web C\u00e1tedra INDITEX-UDC<\/span><\/label><\/span><span class=\"wpcf7-list-item\"><label><input type=\"radio\" name=\"radio-conocimiento\" value=\"Web UDC\" \/><span class=\"wpcf7-list-item-label\">Web UDC<\/span><\/label><\/span><span class=\"wpcf7-list-item\"><label><input type=\"radio\" name=\"radio-conocimiento\" value=\"Email C\u00e1tedra INDITEX-UDC\" \/><span class=\"wpcf7-list-item-label\">Email C\u00e1tedra INDITEX-UDC<\/span><\/label><\/span><span class=\"wpcf7-list-item\"><label><input type=\"radio\" name=\"radio-conocimiento\" value=\"Email Consello Social UDC\" \/><span class=\"wpcf7-list-item-label\">Email Consello Social UDC<\/span><\/label><\/span><span class=\"wpcf7-list-item\"><label><input type=\"radio\" name=\"radio-conocimiento\" value=\"Email Reitor\u00eda\" \/><span class=\"wpcf7-list-item-label\">Email Reitor\u00eda<\/span><\/label><\/span><span class=\"wpcf7-list-item\"><label><input type=\"radio\" name=\"radio-conocimiento\" value=\"Alumni\" \/><span class=\"wpcf7-list-item-label\">Alumni<\/span><\/label><\/span><span class=\"wpcf7-list-item last has-free-text\"><label><input type=\"radio\" name=\"radio-conocimiento\" value=\"Outras\" \/><span class=\"wpcf7-list-item-label\">Outras<\/span><\/label> <input type=\"text\" name=\"radio-conocimiento_free_text\" class=\"wpcf7-free-text\" \/><\/span><\/span><\/span><\/p>\n<p><!--<br \/>\n<strong>Encontro networking:<\/strong><br \/>\n<span class=\"wpcf7-form-control-wrap checkbox-asistencia-networking\"><span class=\"wpcf7-form-control wpcf7-checkbox\"><span class=\"wpcf7-list-item first last\"><label><input type=\"checkbox\" name=\"checkbox-asistencia-networking[]\" value=\"Asistirei ao breve encontro networking que ter\u00e1 lugar \u00e1 finalizaci\u00f3n da conferencia\" \/><span class=\"wpcf7-list-item-label\">Asistirei ao breve encontro networking que ter\u00e1 lugar \u00e1 finalizaci\u00f3n da conferencia<\/span><\/label><\/span><\/span><\/span><br \/>\n--><\/p>\n<p><strong>Recibir informaci\u00f3n:<\/strong><br \/>\n<span class=\"wpcf7-form-control-wrap checkbox-recibir-info\"><span class=\"wpcf7-form-control wpcf7-checkbox\"><span class=\"wpcf7-list-item first last\"><label><input type=\"checkbox\" name=\"checkbox-recibir-info[]\" value=\"Quero recibir informaci\u00f3n dos eventos de la C\u00e1tedra Inditex-UDC.\" \/><span class=\"wpcf7-list-item-label\">Quero recibir informaci\u00f3n dos eventos de la C\u00e1tedra Inditex-UDC.<\/span><\/label><\/span><\/span><\/span><\/p>\n<hr \/>\n<p><span class=\"wpcf7-form-control-wrap clausula-privacidade\"><span class=\"wpcf7-form-control wpcf7-checkbox wpcf7-validates-as-required\"><span class=\"wpcf7-list-item first last\"><input type=\"checkbox\" name=\"clausula-privacidade[]\" value=\"Acepto a pol\u00edtica de privacidade queindicada.\" \/><span class=\"wpcf7-list-item-label\">Acepto a pol\u00edtica de privacidade queindicada.<\/span><\/span><\/span><\/span><br \/>\n <input type=\"submit\" value=\"ENVIAR\" class=\"wpcf7-form-control wpcf7-submit\" \/><\/p>\n<div class=\"wpcf7-response-output\" aria-hidden=\"true\"><\/div><\/form><\/div>\n<p>[\/et_pb_text][et_pb_text _builder_version=&#8221;4.27.4&#8243; _module_preset=&#8221;default&#8221; text_text_color=&#8221;rgba(0,0,0,0.71)&#8221; global_colors_info=&#8221;{}&#8221;]<\/p>\n<p style=\"text-align: center;\">Despois de pulsar ENVIAR,\u00a0<strong>espere uns segundos<\/strong>\u00a0ata obter a resposta de confirmaci\u00f3n do servidor.<br \/>Tras isto, recibir\u00e1 un correo electr\u00f3nico coa confirmaci\u00f3n do rexistro; revise o cartafol de\u00a0<strong>Correo non desexado ou SPAM<\/strong>\u00a0por se lle chegou a\u00ed.<\/p>\n<p>[\/et_pb_text][\/et_pb_column][\/et_pb_row][\/et_pb_section]<\/p>\n","protected":false},"excerpt":{"rendered":"<p>REXISTRO:Conferencia ClausuraConferencias en c\u00f3digo abierto 25\/26 (27-05-2027) &#8220;Finanzas sostibles: o rol do investimento privado na biodiversidade&#8221; John TobinProfessor of Practice of Corporate Sustainability at Cornell University<div role=\"form\" class=\"wpcf7\" id=\"wpcf7-f2574-o2\" lang=\"gl-ES\" dir=\"ltr\">\n<div class=\"screen-reader-response\"><p role=\"status\" aria-live=\"polite\" aria-atomic=\"true\"><\/p> <ul><\/ul><\/div>\n<form action=\"\/gl\/wp-json\/wp\/v2\/pages\/2351#wpcf7-f2574-o2\" method=\"post\" class=\"wpcf7-form init\" novalidate=\"novalidate\" data-status=\"init\">\n<div style=\"display: none;\">\n<input type=\"hidden\" name=\"_wpcf7\" value=\"2574\" \/>\n<input type=\"hidden\" name=\"_wpcf7_version\" value=\"5.4\" \/>\n<input type=\"hidden\" name=\"_wpcf7_locale\" value=\"gl_ES\" \/>\n<input type=\"hidden\" name=\"_wpcf7_unit_tag\" value=\"wpcf7-f2574-o2\" \/>\n<input type=\"hidden\" name=\"_wpcf7_container_post\" value=\"0\" \/>\n<input type=\"hidden\" name=\"_wpcf7_posted_data_hash\" value=\"\" \/>\n<input type=\"hidden\" name=\"_wpcf7cf_hidden_group_fields\" value=\"[]\" \/>\n<input type=\"hidden\" name=\"_wpcf7cf_hidden_groups\" value=\"[]\" \/>\n<input type=\"hidden\" name=\"_wpcf7cf_visible_groups\" value=\"[]\" \/>\n<input type=\"hidden\" name=\"_wpcf7cf_repeaters\" value=\"[]\" \/>\n<input type=\"hidden\" name=\"_wpcf7cf_steps\" value=\"{}\" \/>\n<input type=\"hidden\" name=\"_wpcf7cf_options\" value=\"{&quot;form_id&quot;:2574,&quot;conditions&quot;:[{&quot;then_field&quot;:&quot;group-certificado&quot;,&quot;and_rules&quot;:[{&quot;if_field&quot;:&quot;radio-asistencia&quot;,&quot;operator&quot;:&quot;equals&quot;,&quot;if_value&quot;:&quot;Asistencia presencial&quot;}]},{&quot;then_field&quot;:&quot;group-comunidad&quot;,&quot;and_rules&quot;:[{&quot;if_field&quot;:&quot;radio-asistencia&quot;,&quot;operator&quot;:&quot;equals&quot;,&quot;if_value&quot;:&quot;Asistencia online (streaming)&quot;}]}],&quot;settings&quot;:{&quot;animation&quot;:&quot;yes&quot;,&quot;animation_intime&quot;:200,&quot;animation_outtime&quot;:200,&quot;conditions_ui&quot;:&quot;normal&quot;,&quot;notice_dismissed&quot;:false,&quot;notice_dismissed_update-cf7-5.7.3&quot;:true}}\" \/>\n<\/div>\n<p>REF. \"Conferencia Clausura - Conferencias en c\u00f3digo abierto 25\/26 (27-05-2027)\" [GL]<br \/>\n<br\/><br\/><\/p>\n<p><label><strong>Nome <\/strong><br \/>\n<span class=\"wpcf7-form-control-wrap your-name\"><input type=\"text\" name=\"your-name\" value=\"\" size=\"40\" class=\"wpcf7-form-control wpcf7-text wpcf7-validates-as-required\" aria-required=\"true\" aria-invalid=\"false\" \/><\/span> <\/label><\/p>\n<p><label> <strong>Apelidos<\/strong><br \/>\n    <span class=\"wpcf7-form-control-wrap your-apelidos\"><input type=\"text\" name=\"your-apelidos\" value=\"\" size=\"40\" class=\"wpcf7-form-control wpcf7-text wpcf7-validates-as-required\" aria-required=\"true\" aria-invalid=\"false\" \/><\/span> <\/label><\/p>\n<p><label> <strong>Correo electr\u00f3nico<\/strong><br \/>\n <span class=\"wpcf7-form-control-wrap your-email\"><input type=\"email\" name=\"your-email\" value=\"\" size=\"40\" class=\"wpcf7-form-control wpcf7-text wpcf7-email wpcf7-validates-as-required wpcf7-validates-as-email\" aria-required=\"true\" aria-invalid=\"false\" \/><\/span> <\/label><br \/>\n<br \/>\n<strong>Datos da empresa\/entidade<\/strong><br \/>\n<label> Empresa\/Entidade:<br \/>\n <span class=\"wpcf7-form-control-wrap your-entidade-nome\"><input type=\"text\" name=\"your-entidade-nome\" value=\"\" size=\"40\" class=\"wpcf7-form-control wpcf7-text\" aria-invalid=\"false\" \/><\/span><\/label><br \/>\n<label> Cargo:<br \/>\n<span class=\"wpcf7-form-control-wrap your-entidade-posto\"><input type=\"text\" name=\"your-entidade-posto\" value=\"\" size=\"40\" class=\"wpcf7-form-control wpcf7-text\" aria-invalid=\"false\" \/><\/span><\/label><br \/>\n<br \/>\n<strong>Seleccione a modalidade de asistencia ao evento:<\/strong> <span class=\"wpcf7-form-control-wrap radio-asistencia\"><span class=\"wpcf7-form-control wpcf7-radio\"><span class=\"wpcf7-list-item first\"><label><input type=\"radio\" name=\"radio-asistencia\" value=\"Asistencia presencial\" checked=\"checked\" \/><span class=\"wpcf7-list-item-label\">Asistencia presencial<\/span><\/label><\/span><span class=\"wpcf7-list-item last\"><label><input type=\"radio\" name=\"radio-asistencia\" value=\"Asistencia online (streaming)\" \/><span class=\"wpcf7-list-item-label\">Asistencia online (streaming)<\/span><\/label><\/span><\/span><\/span><\/p>\n<div data-id=\"group-certificado\" data-orig_data_id=\"group-certificado\"  data-class=\"wpcf7cf_group\">\n<label>Se quere certificado de asistencia <strong>(solo para presencial)<\/strong> debe indicalo \u00e1 s\u00faa chegada ao evento:<br \/>\n <span class=\"wpcf7-form-control-wrap checkbox-certificado\"><span class=\"wpcf7-form-control wpcf7-checkbox\"><span class=\"wpcf7-list-item first last\"><label><input type=\"checkbox\" name=\"checkbox-certificado[]\" value=\"Solicito certificado de asistencia\" \/><span class=\"wpcf7-list-item-label\">Solicito certificado de asistencia<\/span><\/label><\/span><\/span><\/span><br \/>\n\n<\/div>\n<div data-id=\"group-comunidad\" data-orig_data_id=\"group-comunidad\"  data-class=\"wpcf7cf_group\">\n<label>Indique a s\u00faa Comunidade aut\u00f3noma:<\/label><br \/>\n<span class=\"wpcf7-form-control-wrap comunidad-autonoma\"><select name=\"comunidad-autonoma\" class=\"wpcf7-form-control wpcf7-select\" aria-invalid=\"false\"><option value=\"Andaluc\u00eda\">Andaluc\u00eda<\/option><option value=\"Arag\u00f3n\">Arag\u00f3n<\/option><option value=\"Asturias\">Asturias<\/option><option value=\"Balears, Illes\">Balears, Illes<\/option><option value=\"Canarias\">Canarias<\/option><option value=\"Cantabria\">Cantabria<\/option><option value=\"Castilla y Le\u00f3n\">Castilla y Le\u00f3n<\/option><option value=\"Castilla - La Mancha\">Castilla - La Mancha<\/option><option value=\"Catalu\u00f1a\">Catalu\u00f1a<\/option><option value=\"Comunitat Valenciana\">Comunitat Valenciana<\/option><option value=\"Extremadura\">Extremadura<\/option><option value=\"Galicia\" selected=\"selected\">Galicia<\/option><option value=\"Madrid\">Madrid<\/option><option value=\"Murcia\">Murcia<\/option><option value=\"Navarra\">Navarra<\/option><option value=\"Pa\u00eds Vasco\">Pa\u00eds Vasco<\/option><option value=\"Rioja, La\">Rioja, La<\/option><option value=\"Ceuta\">Ceuta<\/option><option value=\"Melilla\">Melilla<\/option><\/select><\/span><br \/>\n<br\/>\n<\/div>\n<p><label><strong>Como tivo vostede co\u00f1ecemento da Conferencia?<\/strong><\/label> <span class=\"wpcf7-form-control-wrap radio-conocimiento\"><span class=\"wpcf7-form-control wpcf7-radio\"><span class=\"wpcf7-list-item first\"><label><input type=\"radio\" name=\"radio-conocimiento\" value=\"Redes Sociais\" checked=\"checked\" \/><span class=\"wpcf7-list-item-label\">Redes Sociais<\/span><\/label><\/span><span class=\"wpcf7-list-item\"><label><input type=\"radio\" name=\"radio-conocimiento\" value=\"Prensa Escrita\" \/><span class=\"wpcf7-list-item-label\">Prensa Escrita<\/span><\/label><\/span><span class=\"wpcf7-list-item\"><label><input type=\"radio\" name=\"radio-conocimiento\" value=\"Web Consello Social UDC\" \/><span class=\"wpcf7-list-item-label\">Web Consello Social UDC<\/span><\/label><\/span><span class=\"wpcf7-list-item\"><label><input type=\"radio\" name=\"radio-conocimiento\" value=\"Web C\u00e1tedra INDITEX-UDC\" \/><span class=\"wpcf7-list-item-label\">Web C\u00e1tedra INDITEX-UDC<\/span><\/label><\/span><span class=\"wpcf7-list-item\"><label><input type=\"radio\" name=\"radio-conocimiento\" value=\"Web UDC\" \/><span class=\"wpcf7-list-item-label\">Web UDC<\/span><\/label><\/span><span class=\"wpcf7-list-item\"><label><input type=\"radio\" name=\"radio-conocimiento\" value=\"Email C\u00e1tedra INDITEX-UDC\" \/><span class=\"wpcf7-list-item-label\">Email C\u00e1tedra INDITEX-UDC<\/span><\/label><\/span><span class=\"wpcf7-list-item\"><label><input type=\"radio\" name=\"radio-conocimiento\" value=\"Email Consello Social UDC\" \/><span class=\"wpcf7-list-item-label\">Email Consello Social UDC<\/span><\/label><\/span><span class=\"wpcf7-list-item\"><label><input type=\"radio\" name=\"radio-conocimiento\" value=\"Email Reitor\u00eda\" \/><span class=\"wpcf7-list-item-label\">Email Reitor\u00eda<\/span><\/label><\/span><span class=\"wpcf7-list-item\"><label><input type=\"radio\" name=\"radio-conocimiento\" value=\"Alumni\" \/><span class=\"wpcf7-list-item-label\">Alumni<\/span><\/label><\/span><span class=\"wpcf7-list-item last has-free-text\"><label><input type=\"radio\" name=\"radio-conocimiento\" value=\"Outras\" \/><span class=\"wpcf7-list-item-label\">Outras<\/span><\/label> <input type=\"text\" name=\"radio-conocimiento_free_text\" class=\"wpcf7-free-text\" \/><\/span><\/span><\/span><\/p>\n<p><!--<br \/>\n<strong>Encontro networking:<\/strong><br \/>\n<span class=\"wpcf7-form-control-wrap checkbox-asistencia-networking\"><span class=\"wpcf7-form-control wpcf7-checkbox\"><span class=\"wpcf7-list-item first last\"><label><input type=\"checkbox\" name=\"checkbox-asistencia-networking[]\" value=\"Asistirei ao breve encontro networking que ter\u00e1 lugar \u00e1 finalizaci\u00f3n da conferencia\" \/><span class=\"wpcf7-list-item-label\">Asistirei ao breve encontro networking que ter\u00e1 lugar \u00e1 finalizaci\u00f3n da conferencia<\/span><\/label><\/span><\/span><\/span><br \/>\n--><\/p>\n<p><strong>Recibir informaci\u00f3n:<\/strong><br \/>\n<span class=\"wpcf7-form-control-wrap checkbox-recibir-info\"><span class=\"wpcf7-form-control wpcf7-checkbox\"><span class=\"wpcf7-list-item first last\"><label><input type=\"checkbox\" name=\"checkbox-recibir-info[]\" value=\"Quero recibir informaci\u00f3n dos eventos de la C\u00e1tedra Inditex-UDC.\" \/><span class=\"wpcf7-list-item-label\">Quero recibir informaci\u00f3n dos eventos de la C\u00e1tedra Inditex-UDC.<\/span><\/label><\/span><\/span><\/span><\/p>\n<hr \/>\n<p><span class=\"wpcf7-form-control-wrap clausula-privacidade\"><span class=\"wpcf7-form-control wpcf7-checkbox wpcf7-validates-as-required\"><span class=\"wpcf7-list-item first last\"><input type=\"checkbox\" name=\"clausula-privacidade[]\" value=\"Acepto a pol\u00edtica de privacidade queindicada.\" \/><span class=\"wpcf7-list-item-label\">Acepto a pol\u00edtica de privacidade queindicada.<\/span><\/span><\/span><\/span><br \/>\n <input type=\"submit\" value=\"ENVIAR\" class=\"wpcf7-form-control wpcf7-submit\" \/><\/p>\n<div class=\"wpcf7-response-output\" aria-hidden=\"true\"><\/div><\/form><\/div>Despois de pulsar ENVIAR,\u00a0espere uns segundos\u00a0ata obter a resposta de confirmaci\u00f3n do servidor.Tras isto, recibir\u00e1 un correo electr\u00f3nico coa [&hellip;]<\/p>\n","protected":false},"author":2,"featured_media":0,"parent":0,"menu_order":0,"comment_status":"closed","ping_status":"closed","template":"","meta":{"_et_pb_use_builder":"on","_et_pb_old_content":"","_et_gb_content_width":""},"_links":{"self":[{"href":"https:\/\/eventos.catedrainditex.com\/gl\/wp-json\/wp\/v2\/pages\/2351"}],"collection":[{"href":"https:\/\/eventos.catedrainditex.com\/gl\/wp-json\/wp\/v2\/pages"}],"about":[{"href":"https:\/\/eventos.catedrainditex.com\/gl\/wp-json\/wp\/v2\/types\/page"}],"author":[{"embeddable":true,"href":"https:\/\/eventos.catedrainditex.com\/gl\/wp-json\/wp\/v2\/users\/2"}],"replies":[{"embeddable":true,"href":"https:\/\/eventos.catedrainditex.com\/gl\/wp-json\/wp\/v2\/comments?post=2351"}],"version-history":[{"count":18,"href":"https:\/\/eventos.catedrainditex.com\/gl\/wp-json\/wp\/v2\/pages\/2351\/revisions"}],"predecessor-version":[{"id":2615,"href":"https:\/\/eventos.catedrainditex.com\/gl\/wp-json\/wp\/v2\/pages\/2351\/revisions\/2615"}],"wp:attachment":[{"href":"https:\/\/eventos.catedrainditex.com\/gl\/wp-json\/wp\/v2\/media?parent=2351"}],"curies":[{"name":"wp","href":"https:\/\/api.w.org\/{rel}","templated":true}]}}